{"id":3,"date":"2022-06-27T11:58:40","date_gmt":"2022-06-27T11:58:40","guid":{"rendered":"https:\/\/semhexagon.com\/?page_id=3"},"modified":"2026-02-04T10:32:23","modified_gmt":"2026-02-04T09:32:23","slug":"politica-privacidad","status":"publish","type":"page","link":"https:\/\/semhexagon.com\/es\/politica-privacidad\/","title":{"rendered":"Pol\u00edtica de privacidad"},"content":{"rendered":"[vc_row type=\u00bbin_container\u00bb full_screen_row_position=\u00bbmiddle\u00bb column_margin=\u00bbdefault\u00bb column_direction=\u00bbdefault\u00bb column_direction_tablet=\u00bbdefault\u00bb column_direction_phone=\u00bbdefault\u00bb scene_position=\u00bbcenter\u00bb left_padding_desktop=\u00bb10%\u00bb constrain_group_2=\u00bbyes\u00bb right_padding_desktop=\u00bb10%\u00bb left_padding_tablet=\u00bb5%\u00bb constrain_group_4=\u00bbyes\u00bb right_padding_tablet=\u00bb5%\u00bb left_padding_phone=\u00bb2%\u00bb constrain_group_6=\u00bbyes\u00bb right_padding_phone=\u00bb2%\u00bb text_color=\u00bbdark\u00bb text_align=\u00bbleft\u00bb row_border_radius=\u00bbnone\u00bb row_border_radius_applies=\u00bbbg\u00bb overflow=\u00bbvisible\u00bb advanced_gradient_angle=\u00bb0&#8243; overlay_strength=\u00bb0.3&#8243; gradient_direction=\u00bbleft_to_right\u00bb shape_divider_position=\u00bbbottom\u00bb bg_image_animation=\u00bbnone\u00bb gradient_type=\u00bbdefault\u00bb shape_type=\u00bb\u00bb][vc_column column_padding=\u00bbno-extra-padding\u00bb column_padding_tablet=\u00bbinherit\u00bb column_padding_phone=\u00bbinherit\u00bb column_padding_position=\u00bball\u00bb column_element_spacing=\u00bbdefault\u00bb background_color_opacity=\u00bb1&#8243; background_hover_color_opacity=\u00bb1&#8243; column_shadow=\u00bbnone\u00bb column_border_radius=\u00bbnone\u00bb column_link_target=\u00bb_self\u00bb column_position=\u00bbdefault\u00bb gradient_direction=\u00bbleft_to_right\u00bb overlay_strength=\u00bb0.3&#8243; width=\u00bb1\/1&#8243; tablet_width_inherit=\u00bbdefault\u00bb tablet_text_alignment=\u00bbdefault\u00bb phone_text_alignment=\u00bbdefault\u00bb animation_type=\u00bbdefault\u00bb bg_image_animation=\u00bbnone\u00bb border_type=\u00bbsimple\u00bb column_border_width=\u00bbnone\u00bb column_border_style=\u00bbsolid\u00bb][vc_column_text]\n<h3 style=\"text-align: center;\"><span style=\"font-family: nexa; color: #d70033;\">Hexagon<\/span><\/h3>\n<h1 style=\"text-align: center;\"><strong><span style=\"font-family: Helvetica;\">Pol\u00edtica de privacidad<\/span><\/strong><\/h1>\n[\/vc_column_text][vc_column_text]\n<p class=\"p1\"><span style=\"font-family: Helvetica; font-size: 14pt; color: #333333;\">El presente documento constituye la Pol\u00edtica de Privacidad (en adelante, la \u201c<b>Pol\u00edtica<\/b>\u201d) de la plataforma SEMHEXAGON.COM y la soluci\u00f3n tecnol\u00f3gica HEXAGON (en adelante, la \u201cPlataforma\u201d o \u201c<b>HEXAGON<\/b>\u201d), titularidad de <strong>Conecta 2030<\/strong><b>, S.L.<\/b> (en adelante, \u201c<strong>Conecta 2030<\/strong>\u201d),<b>\u00a0<\/b>donde podr\u00e1 encontrar toda la informaci\u00f3n sobre los datos de car\u00e1cter personal que <strong>Conecta 2030<\/strong>, en nombre propio o actuando por cuenta de terceros, recopila acerca de los visitantes y CLIENTES de la Plataforma o de sus representantes legales, personas de contacto o trabajadores (en adelante, el \u201cCLIENTE\u201d), el tratamiento de sus datos de car\u00e1cter personal o las medidas de seguridad o derechos que tienen sobre sus datos personales.<\/span><\/p>\n[\/vc_column_text][vc_column_text]\n<p class=\"p1\"><span style=\"font-family: Helvetica; font-size: 14pt; color: #d70033;\"><b>1. Responsable del tratamiento de datos personales<\/b><\/span><\/p>\n<p class=\"p2\"><span style=\"font-family: Helvetica; font-size: 14pt; color: #333333;\">En cumplimiento de lo establecido en el <b>Reglamento (UE) 2016\/679, General de Protecci\u00f3n de Datos<\/b> (en adelante, \u00ab<b>RGPD<\/b>\u00ab), as\u00ed como la <b>Ley Org\u00e1nica 3\/2018, de 5 de diciembre, de Protecci\u00f3n de Datos Personales y Garant\u00eda de los Derechos Digitales<\/b> (en adelante, \u00ab<b>LOPDGDD<\/b>\u00ab) y dem\u00e1s<span class=\"Apple-converted-space\">\u00a0 <\/span>normativa aplicable, <strong>Conecta 2030<\/strong> le informa de que los datos de car\u00e1cter personal proporcionados por los CLIENTES de HEXAGON para las finalidades que se indican en esta Pol\u00edtica, <b>ser\u00e1n tratados por <strong>Conecta 2030<\/strong><\/b><span class=\"s1\"><b>, S.L.<\/b> <\/span><b>en calidad de Responsable del tratamiento<\/b>. <\/span><\/p>\n<ul>\n<li class=\"p3\"><span style=\"font-family: Helvetica; font-size: 14pt; color: #333333;\"><b>Denominaci\u00f3n social: <strong>Conecta 2030<\/strong><\/b>, S.L. (en adelante <strong>Conecta 2030<\/strong>)<\/span><\/li>\n<li class=\"p3\"><span style=\"font-family: Helvetica; font-size: 14pt; color: #333333;\"><b>NIF: <\/b>1923178X<\/span><\/li>\n<li class=\"p3\"><span style=\"font-family: Helvetica; font-size: 14pt; color: #333333;\"><b>Direcci\u00f3n postal: <\/b>Calle Apolonio Morales, 1, 3C, Madrid 28036<\/span><\/li>\n<li class=\"p3\"><span style=\"font-family: Helvetica; font-size: 14pt; color: #333333;\"><b>Correo electr\u00f3nico: <\/b>info@semhexagon.com<\/span><\/li>\n<\/ul>\n[\/vc_column_text][vc_column_text]\n<p class=\"p1\"><span style=\"font-family: Helvetica; font-size: 14pt; color: #d70033;\"><b>2. Datos personales recabados y finalidades del tratamiento <\/b><\/span><\/p>\n<p class=\"p1\"><span style=\"font-family: Helvetica; font-size: 14pt; color: #333333;\">La navegaci\u00f3n o el uso de los servicios o funcionalidades ofrecidos en HEXAGON implicar\u00e1 necesariamente el tratamiento de datos personales, con la finalidad de prestarle los servicios disponibles a trav\u00e9s de la Plataforma. <\/span><\/p>\n<p class=\"p1\"><span style=\"font-family: Helvetica; font-size: 14pt; color: #333333;\">Adem\u00e1s de la informaci\u00f3n que es proporcionada directamente por el CLIENTE a trav\u00e9s de HEXAGON, <strong>Conecta 2030<\/strong> tambi\u00e9n podr\u00e1 recopilar cierta informaci\u00f3n durante su uso, principalmente de forma estad\u00edstica. En relaci\u00f3n con la informaci\u00f3n que <strong>Conecta 2030<\/strong> recabe acerca del uso o navegaci\u00f3n que los CLIENTES realicen a trav\u00e9s de HEXAGON, puede obtener m\u00e1s informaci\u00f3n en la Pol\u00edtica de Cookies.<\/span><\/p>\n<p class=\"p1\"><span style=\"font-family: Helvetica; font-size: 14pt; color: #333333;\"><span class=\"s1\">\u200d<\/span>En particular, a trav\u00e9s de HEXAGON se recabar\u00e1n y tratar\u00e1n las siguientes categor\u00edas de datos personales de los CLIENTES:<\/span><\/p>\n<ul>\n<li class=\"p1\"><span style=\"font-family: Helvetica; font-size: 14pt; color: #333333;\"><span class=\"s1\">\u200d<\/span>Datos identificativos: Nombre y apellidos;<\/span><\/li>\n<li class=\"p1\"><span style=\"font-family: Helvetica; font-size: 14pt; color: #333333;\">Datos de contacto profesionales: tel\u00e9fono y direcci\u00f3n de correo electr\u00f3nico;<\/span><\/li>\n<li class=\"p1\"><span style=\"font-family: Helvetica; font-size: 14pt; color: #333333;\">En su caso, direcci\u00f3n postal o NIF, cuando esta informaci\u00f3n sea relativa a una persona f\u00edsica;<\/span><\/li>\n<\/ul>\n<p class=\"p1\"><span style=\"font-family: Helvetica; font-size: 14pt; color: #333333;\"><strong>Conecta 2030<\/strong> tratar\u00e1 los datos personales del CLIENTE para prestar a estos los servicios ofrecidos en HEXAGON, con la \u00fanica finalidad de desarrollar y ejecutar los servicios<span class=\"Apple-converted-space\">\u00a0 <\/span>de publicidad encomendados y para que el CLIENTE pueda hacer uso de todas las funcionalidades, de acuerdo con los T\u00e9rminos y Condiciones de Uso de HEXAGON; as\u00ed como mantener la relaci\u00f3n comercial con los CLIENTES. <\/span><\/p>\n[\/vc_column_text][vc_column_text]\n<p class=\"p1\"><span style=\"font-family: Helvetica; font-size: 14pt; color: #d70033;\"><b>3. Origen de los datos personales<\/b><\/span><\/p>\n<p class=\"p1\"><span style=\"font-family: Helvetica; font-size: 14pt; color: #333333;\">Los datos tratados a trav\u00e9s de la Plataforma, son facilitados por el propio CLIENTE, directamente<span class=\"Apple-converted-space\">\u00a0 <\/span>a <strong>Conecta 2030<\/strong> o a trav\u00e9s de la Plataforma, al crear la cuenta de Usuario o Sub-Usuarios necesaria para utilizar los servicios ofrecidos por esta. <\/span><\/p>\n[\/vc_column_text][vc_column_text]\n<p class=\"p1\"><span style=\"font-family: Helvetica; font-size: 14pt; color: #d70033;\"><strong><span class=\"s1\">4<\/span><\/strong><b>. Plazos de conservaci\u00f3n de datos<\/b><\/span><\/p>\n<p class=\"p1\"><span style=\"font-family: Helvetica; font-size: 14pt; color: #d70033;\"><span class=\"s1\"><b>\u200d<\/b><\/span><span style=\"color: #333333;\">Los datos personales del CLIENTE a los que tendr\u00e1 acceso <span style=\"font-family: Helvetica; font-size: 14pt; color: #333333;\"><strong>Conecta 2030<\/strong><\/span> ser\u00e1n conservados durante el transcurso de la relaci\u00f3n contractual y mientras sean necesarios para las finalidades indicadas, todo ello de conformidad con los principios de minimizaci\u00f3n de datos y limitaci\u00f3n del plazo de conservaci\u00f3n establecido por la normativa aplicable.<\/span><\/span><\/p>\n<p class=\"p1\"><span style=\"font-family: Helvetica; font-size: 14pt; color: #333333;\">En el momento en que finalice el periodo de conservaci\u00f3n de<span class=\"Apple-converted-space\">\u00a0 <\/span>los datos personales del CLIENTE, estos ser\u00e1n anonimizados y\/o bloqueados conforme a los requisitos establecidos en la normativa aplicable y, posteriormente, ser\u00e1n suprimidos. <\/span><\/p>\n[\/vc_column_text][vc_column_text]\n<p class=\"p1\"><span style=\"font-family: Helvetica; font-size: 14pt; color: #d70033;\"><b>5. Ejercicio de derechos en materia de protecci\u00f3n de datos<\/b><\/span><\/p>\n<p class=\"p2\"><span style=\"font-family: Helvetica; font-size: 14pt; color: #333333;\"><span class=\"s1\">\u200d<\/span>Los interesados pueden ejercitar los derechos de acceso, rectificaci\u00f3n, supresi\u00f3n, limitaci\u00f3n, oposici\u00f3n y portabilidad dirigi\u00e9ndose a <strong>Conecta 2030<\/strong> mediante la remisi\u00f3n de una solicitud dirigida a la siguiente direcci\u00f3n electr\u00f3nica: <span style=\"font-weight: 400;\">info@semhexagon.com<\/span><span class=\"Apple-converted-space\">\u00a0<\/span>o a la siguiente direcci\u00f3n postal: <span style=\"font-weight: 400;\">Calle Apolonio Morales, 1, 3C, Madrid 28036<\/span> o a trav\u00e9s de los medios de contacto indicados en la presente Pol\u00edtica. <\/span><\/p>\n<p class=\"p2\"><span style=\"font-family: Helvetica; font-size: 14pt; color: #333333;\">En algunos casos, deberemos solicitarle copia de su DNI o documento identificativo equivalente a efectos de verificar su identidad. <\/span><\/p>\n<p class=\"p2\"><span style=\"font-family: Helvetica; font-size: 14pt; color: #333333;\">En cualquier caso, si considera que su solicitud no ha sido atendida correctamente estima vulnerados alguno de sus derechos relativos a la protecci\u00f3n de datos personales, el CLIENTE puede presentar una reclamaci\u00f3n ante la Agencia Espa\u00f1ola de Protecci\u00f3n de Datos (aepd.es) o la autoridad de control competente.<\/span><\/p>\n[\/vc_column_text][vc_column_text]\n<p class=\"p1\"><span style=\"font-family: Helvetica; font-size: 14pt; color: #d70033;\"><b>6. Medidas de seguridad<\/b><\/span><\/p>\n<p class=\"p1\"><span style=\"font-family: Helvetica; font-size: 14pt; color: #333333;\"><strong>Conecta 2030<\/strong> garantiza la seguridad, el secreto y la confidencialidad de sus datos, comunicaciones e informaci\u00f3n personal y adopta las m\u00e1s exigentes y robustas medidas de seguridad y medios t\u00e9cnicos para evitar su p\u00e9rdida, mal uso o acceso sin su autorizaci\u00f3n.<\/span><\/p>\n<p class=\"p2\"><span style=\"font-family: Helvetica; font-size: 14pt; color: #333333;\">Finalmente, <strong>Conecta 2030<\/strong><span class=\"s1\">\u00a0<\/span>le informa que tanto el almacenamiento como el resto de las actividades del tratamiento de sus datos estar\u00e1n siempre ubicados dentro de la Uni\u00f3n Europea, por lo que, de conformidad con la normativa de protecci\u00f3n de datos vigente, no se prev\u00e9n transferencias internacionales de datos.<\/span><\/p>\n[\/vc_column_text][vc_column_text]\n<p class=\"p1\"><span style=\"font-family: Helvetica; font-size: 14pt; color: #d70033;\"><b>7. Actualizaci\u00f3n y modificaci\u00f3n de la Pol\u00edtica de Privacidad<\/b><\/span><\/p>\n<p class=\"p1\"><span style=\"font-family: Helvetica; font-size: 14pt; color: #333333;\"><span class=\"s1\">\u200d<strong>Conecta 2030<\/strong><\/span> se reserva el derecho a modificar la presente Pol\u00edtica para adaptarla a novedades legislativas o jurisprudenciales as\u00ed como a pr\u00e1cticas de la industria. En dichos supuestos, <strong>Conecta 2030<\/strong> anunciar\u00e1 en esta p\u00e1gina los cambios introducidos con razonable antelaci\u00f3n a su implementaci\u00f3n.<\/span><\/p>\n[\/vc_column_text][\/vc_column][\/vc_row]\n","protected":false},"excerpt":{"rendered":"<p>[vc_row type=\u00bbin_container\u00bb full_screen_row_position=\u00bbmiddle\u00bb column_margin=\u00bbdefault\u00bb column_direction=\u00bbdefault\u00bb column_direction_tablet=\u00bbdefault\u00bb column_direction_phone=\u00bbdefault\u00bb scene_position=\u00bbcenter\u00bb left_padding_desktop=\u00bb10%\u00bb constrain_group_2=\u00bbyes\u00bb right_padding_desktop=\u00bb10%\u00bb left_padding_tablet=\u00bb5%\u00bb constrain_group_4=\u00bbyes\u00bb right_padding_tablet=\u00bb5%\u00bb left_padding_phone=\u00bb2%\u00bb constrain_group_6=\u00bbyes\u00bb right_padding_phone=\u00bb2%\u00bb text_color=\u00bbdark\u00bb text_align=\u00bbleft\u00bb row_border_radius=\u00bbnone\u00bb row_border_radius_applies=\u00bbbg\u00bb overflow=\u00bbvisible\u00bb advanced_gradient_angle=\u00bb0&#8243; overlay_strength=\u00bb0.3&#8243; gradient_direction=\u00bbleft_to_right\u00bb shape_divider_position=\u00bbbottom\u00bb bg_image_animation=\u00bbnone\u00bb gradient_type=\u00bbdefault\u00bb shape_type=\u00bb\u00bb][vc_column column_padding=\u00bbno-extra-padding\u00bb&#8230;<\/p>\n","protected":false},"author":1,"featured_media":0,"parent":0,"menu_order":0,"comment_status":"closed","ping_status":"open","template":"","meta":{"footnotes":""},"class_list":["post-3","page","type-page","status-publish"],"aioseo_notices":[],"_links":{"self":[{"href":"https:\/\/semhexagon.com\/es\/wp-json\/wp\/v2\/pages\/3","targetHints":{"allow":["GET"]}}],"collection":[{"href":"https:\/\/semhexagon.com\/es\/wp-json\/wp\/v2\/pages"}],"about":[{"href":"https:\/\/semhexagon.com\/es\/wp-json\/wp\/v2\/types\/page"}],"author":[{"embeddable":true,"href":"https:\/\/semhexagon.com\/es\/wp-json\/wp\/v2\/users\/1"}],"replies":[{"embeddable":true,"href":"https:\/\/semhexagon.com\/es\/wp-json\/wp\/v2\/comments?post=3"}],"version-history":[{"count":12,"href":"https:\/\/semhexagon.com\/es\/wp-json\/wp\/v2\/pages\/3\/revisions"}],"predecessor-version":[{"id":11639,"href":"https:\/\/semhexagon.com\/es\/wp-json\/wp\/v2\/pages\/3\/revisions\/11639"}],"wp:attachment":[{"href":"https:\/\/semhexagon.com\/es\/wp-json\/wp\/v2\/media?parent=3"}],"curies":[{"name":"wp","href":"https:\/\/api.w.org\/{rel}","templated":true}]}}