{"id":3463,"date":"2022-09-30T11:42:10","date_gmt":"2022-09-30T09:42:10","guid":{"rendered":"https:\/\/semhexagon.com\/?page_id=3463"},"modified":"2023-02-27T21:43:17","modified_gmt":"2023-02-27T20:43:17","slug":"cookie-policy","status":"publish","type":"page","link":"https:\/\/semhexagon.com\/en\/cookie-policy\/","title":{"rendered":"Cookie Policy"},"content":{"rendered":"[vc_row type=\u00bbin_container\u00bb full_screen_row_position=\u00bbmiddle\u00bb column_margin=\u00bbdefault\u00bb column_direction=\u00bbdefault\u00bb column_direction_tablet=\u00bbdefault\u00bb column_direction_phone=\u00bbdefault\u00bb scene_position=\u00bbcenter\u00bb left_padding_desktop=\u00bb10%\u00bb constrain_group_2=\u00bbyes\u00bb right_padding_desktop=\u00bb10%\u00bb left_padding_tablet=\u00bb5%\u00bb constrain_group_4=\u00bbyes\u00bb right_padding_tablet=\u00bb5%\u00bb left_padding_phone=\u00bb2%\u00bb constrain_group_6=\u00bbyes\u00bb right_padding_phone=\u00bb2%\u00bb text_color=\u00bbdark\u00bb text_align=\u00bbleft\u00bb row_border_radius=\u00bbnone\u00bb row_border_radius_applies=\u00bbbg\u00bb overflow=\u00bbvisible\u00bb advanced_gradient_angle=\u00bb0&#8243; overlay_strength=\u00bb0.3&#8243; gradient_direction=\u00bbleft_to_right\u00bb shape_divider_position=\u00bbbottom\u00bb bg_image_animation=\u00bbnone\u00bb gradient_type=\u00bbdefault\u00bb shape_type=\u00bb\u00bb][vc_column column_padding=\u00bbno-extra-padding\u00bb column_padding_tablet=\u00bbinherit\u00bb column_padding_phone=\u00bbinherit\u00bb column_padding_position=\u00bball\u00bb column_element_spacing=\u00bbdefault\u00bb background_color_opacity=\u00bb1&#8243; background_hover_color_opacity=\u00bb1&#8243; column_shadow=\u00bbnone\u00bb column_border_radius=\u00bbnone\u00bb column_link_target=\u00bb_self\u00bb column_position=\u00bbdefault\u00bb gradient_direction=\u00bbleft_to_right\u00bb overlay_strength=\u00bb0.3&#8243; width=\u00bb1\/1&#8243; tablet_width_inherit=\u00bbdefault\u00bb tablet_text_alignment=\u00bbdefault\u00bb phone_text_alignment=\u00bbdefault\u00bb animation_type=\u00bbdefault\u00bb bg_image_animation=\u00bbnone\u00bb border_type=\u00bbsimple\u00bb column_border_width=\u00bbnone\u00bb column_border_style=\u00bbsolid\u00bb][vc_column_text]\n<h3 style=\"text-align: center;\"><span style=\"font-family: nexa; color: #d70033;\">Hexagon<\/span><\/h3>\n<h2 style=\"text-align: center;\"><strong><span style=\"font-family: Helvetica;\">Pol\u00edtica de Cookies<\/span><\/strong><\/h2>\n[\/vc_column_text][vc_column_text]\n<p class=\"p1\"><span style=\"font-family: Helvetica; font-size: 14pt; color: #333333;\">Le informamos de que <b>WHATTHEMARK, S.L<\/b>. (en adelante, \u201c<b>WHATTHEMARK<\/b>\u201d) utiliza una tecnolog\u00eda com\u00fanmente denominada cookies con el fin de facilitar la navegaci\u00f3n, mostrar informaci\u00f3n de su inter\u00e9s u ofrecer una mejor experiencia de navegaci\u00f3n. Para poder hacer un uso completo de la de la Plataforma SEMHEXAGON.COM y de la soluci\u00f3n tecnol\u00f3gica HEXAGON (en adelante, de manera conjunta, la \u201cPlataforma\u201d o \u201cHEXAGON\u201d), le recomendamos la aceptaci\u00f3n de la configuraci\u00f3n propuesta para el uso e instalaci\u00f3n de cookies.<\/span><\/p>\n<p class=\"p1\"><span style=\"font-family: Helvetica; font-size: 14pt; color: #333333;\">En <b>WHATTHEMARK<\/b> cumplimos con la normativa aplicable en materia de comunicaciones electr\u00f3nicas y en particular con aquellas disposiciones relacionadas con el uso de cookies. Los visitantes y usuarios de la Plataforma (en adelante, los \u201c<b>Usuarios<\/b>\u201d) podr\u00e1n encontrar en esta Pol\u00edtica de Cookies informaci\u00f3n sobre el tipo de cookies que utilizamos, los fines para los que se utilizan y las opciones de las que dispone para controlarlas o eliminarlas.<span class=\"Apple-converted-space\">\u00a0<\/span><\/span><\/p>\n[\/vc_column_text][vc_column_text]<span style=\"font-family: Helvetica; font-size: 14pt; color: #d70033;\"><b>1. Concepto de Cookies<\/b><\/span><\/p>\n<p class=\"p1\"><span style=\"font-family: Helvetica; font-size: 14pt; color: #333333;\">Las cookies son archivos de texto que almacenan peque\u00f1as cantidades de informaci\u00f3n y que pueden ser descargados y almacenados en su dispositivo (por ejemplo, su ordenador, smartphone o tablet) con la finalidad de almacenar datos que podr\u00e1n ser actualizados y recuperados por la entidad responsable de su instalaci\u00f3n. La informaci\u00f3n recabada a trav\u00e9s de las Cookies puede incluir la fecha y hora de uso de la Plataforma, las p\u00e1ginas visitadas, el tiempo que ha estado haciendo uso de la Plataforma y las acciones realizadas. En funci\u00f3n del uso y del contenido de las mismas, las cookies podr\u00e1n utilizarse para reconocer a los Usuarios.<\/span><\/p>\n<p class=\"p1\"><span style=\"font-family: Helvetica; font-size: 14pt; color: #333333;\">Adem\u00e1s de cookies podemos utilizar t\u00e9cnicas similares, como p\u00edxeles, web beacons y huellas dactilares para dispositivos. Por razones de coherencia, todas estas t\u00e9cnicas combinadas se denominar\u00e1n en lo sucesivo \u201c<b>Cookies<\/b>\u201d.<\/span><\/p>\n[\/vc_column_text][vc_column_text]<span style=\"font-family: Helvetica; font-size: 14pt; color: #d70033;\"><b>2. Tipolog\u00eda de cookies empleadas en la Plataforma y finalidad<\/b><\/span><\/p>\n<p class=\"p1\"><span style=\"font-family: Helvetica; font-size: 14pt; color: #333333;\">Al navegar por la Plataforma, se utilizan cookies propias y de terceros.<\/span><\/p>\n<ul class=\"ul1\">\n<li class=\"li1\"><span style=\"font-family: Helvetica; font-size: 14pt; color: #333333;\"><b>Cookies propias<\/b>: Son aqu\u00e9llas que se env\u00edan al equipo terminal del usuario desde un equipo o dominio gestionado por el propio editor y desde el que se presta el servicio solicitado por el usuario.<\/span><\/li>\n<li class=\"li1\"><span style=\"font-family: Helvetica; font-size: 14pt; color: #333333;\"><b>Cookies de tercero<\/b>: Son aquellas que se env\u00edan al equipo terminal del usuario desde un equipo o dominio que no es gestionado por el editor, sino por otra entidad que trata los datos obtenidos trav\u00e9s de las cookies.<\/span><\/li>\n<\/ul>\n<p class=\"p1\"><span style=\"font-family: Helvetica; font-size: 14pt; color: #333333;\">Adicionalmente, las cookies pueden distinguirse seg\u00fan su persistencia en el equipo o dispositivo del usuario:<\/span><\/p>\n<ul class=\"ul1\">\n<li class=\"li2\"><span style=\"font-family: Helvetica; font-size: 14pt; color: #333333;\"><span class=\"s3\"><b>Cookies de sesi\u00f3n<\/b><\/span>: Son un tipo de cookies dise\u00f1adas para recabar y almacenar datos mientras el usuario accede a una p\u00e1gina web. Se suelen emplear para <span class=\"s4\">almacenar informaci\u00f3n que solo interesa conservar para la prestaci\u00f3n del servicio solicitado por los Usuarios en una sola ocasi\u00f3n;<\/span><\/span><\/li>\n<li class=\"li1\"><span style=\"font-family: Helvetica; font-size: 14pt; color: #333333;\"><span class=\"s3\"><b>Cookies persistentes<\/b><\/span>: Son un tipo de cookies en el que los datos siguen almacenados en el terminal y pueden ser accedidos y tratados durante un periodo definido por el editor de la cookie, y que puede ir de unos minutos a varios a\u00f1os.<\/span><\/li>\n<\/ul>\n<p class=\"p1\"><span style=\"font-family: Helvetica; font-size: 14pt; color: #333333;\">Las cookies utilizadas en la Plataforma pueden clasificarse en las siguientes categor\u00edas atendiendo a la finalidad de su instalaci\u00f3n:<\/span><\/p>\n<ul>\n<li><span style=\"font-family: Helvetica; font-size: 14pt; color: #333333;\"><span class=\"s3\"><b>Cookies t\u00e9cnicas<\/b><\/span>, necesarias para la prestaci\u00f3n de determinados servicios utilizados por los Usuarios en su acceso y navegaci\u00f3n a trav\u00e9s de la Plataforma. Si se desactivan estas cookies, los Usuarios podr\u00eda no recibir correctamente los contenidos y servicios;<\/span><\/li>\n<li><span style=\"font-family: Helvetica; font-size: 14pt; color: #333333;\"><span class=\"s3\"><b>Cookies anal\u00edticas o de medici\u00f3n<\/b><\/span>, empleadas para el seguimiento y an\u00e1lisis del comportamiento de los Usuarios, incluida la cuantificaci\u00f3n de los impactos de los anuncios, en la mayor parte de los casos sin identificar personalmente a los visitantes. Si se desactivan estas cookies, la Plataforma podr\u00e1 seguir funcionando, pero su instalaci\u00f3n permite mejorar el funcionamiento de la Plataforma.<span class=\"Apple-converted-space\">\u00a0<\/span><\/span><\/li>\n<li><span style=\"font-family: Helvetica; font-size: 14pt; color: #333333;\"><span class=\"s3\"><b>Cookies de preferencias o personalizaci\u00f3n<\/b><\/span>, las cuales registran informaci\u00f3n para que el Usuario acceda al servicio con determinadas caracter\u00edsticas de car\u00e1cter general predefinidas, en funci\u00f3n de una serie de criterios en el terminal del Usuario como, por ejemplo, el idioma, el tipo de navegador o terminal empleado o la configuraci\u00f3n regional.<\/span><\/li>\n<li><span style=\"font-family: Helvetica; font-size: 14pt; color: #333333;\"><span class=\"s3\"><b>Cookies de publicidad comportamental<\/b><\/span>. Son aqu\u00e9llas que permiten la gesti\u00f3n, de la forma m\u00e1s eficaz posible, de los espacios publicitarios. A tal fin, almacenan informaci\u00f3n del comportamiento de los usuarios mediante la observaci\u00f3n continuada de sus h\u00e1bitos de navegaci\u00f3n, lo que permite desarrollar un perfil espec\u00edfico de cada Usuario para mostrarle publicidad adaptada.<\/span><\/li>\n<\/ul>\n[\/vc_column_text][vc_column_text]<span style=\"font-family: Helvetica; font-size: 14pt; color: #d70033;\"><b>3. Legitimaci\u00f3n para el uso de Cookies<\/b><\/span><\/p>\n<p class=\"p1\"><span style=\"font-family: Helvetica; font-size: 14pt; color: #333333;\">Cuando los Usuarios acceden a la Plataforma y antes de comenzar la navegaci\u00f3n, son advertidos sobre el uso de Cookies de manera que puedan aceptar o rechazar la instalaci\u00f3n de todas las cookies empleadas en la Plataforma o bien acceder a la configuraci\u00f3n de las Cookies, de manera que los Usuarios puedan autorizar la instalaci\u00f3n de las Cookies que puedan ser de su inter\u00e9s.<span class=\"Apple-converted-space\">\u00a0<\/span><\/span><\/p>\n<p class=\"p1\"><span style=\"font-family: Helvetica; font-size: 14pt; color: #333333;\">No obstante lo antedicho, <b>WHATTHEMARK<\/b> le informa expresamente de que, al utilizar la Plataforma, podr\u00e1n ser instaladas Cookies de car\u00e1cter t\u00e9cnico y necesarias para el correcto funcionamiento de la Plataforma, para las cu\u00e1les no se precisa su consentimiento expreso.<\/span><\/p>\n<p class=\"p1\"><span style=\"font-family: Helvetica; font-size: 14pt; color: #333333;\">Si los Usuarios no consienten el uso de Cookies, podr\u00e1n modificar o rechazar su instalaci\u00f3n o, en todo caso, podr\u00e1n dejar de utilizar la Plataforma y cesar en la navegaci\u00f3n.<\/span><\/p>\n[\/vc_column_text][vc_column_text]<b><\/b><span style=\"font-family: Helvetica; font-size: 14pt; color: #d70033;\"><b>4. Tratamiento de datos personales <\/b><span class=\"s1\"><b>y Cookies<\/b><\/span><\/span><\/p>\n<p class=\"p2\"><span style=\"font-family: Helvetica; font-size: 14pt; color: #333333;\"><b>WHATTHEMARK<\/b>, al obtener informaci\u00f3n autom\u00e1ticamente de la Plataforma a trav\u00e9s de las Cookies, puede recabar datos personales de los Usuarios, relativos a su dispositivo inform\u00e1tico, el uso de la Plataforma, y sus h\u00e1bitos de comportamiento. Esta informaci\u00f3n puede incluir, entre otros, datos sobre el idioma, las p\u00e1ginas o funcionalidades de la Plataforma m\u00e1s utilizadas, palabras clave, fecha, hora, tiempo que los Usuarios permanecen en cierto tipo de p\u00e1ginas, direcci\u00f3n IP, identificador publicitario, e informaci\u00f3n similar relativa al uso de la Plataforma.<\/span><\/p>\n<p class=\"p2\"><span style=\"font-family: Helvetica; font-size: 14pt; color: #333333;\">En este sentido, en lo que respecta a la informaci\u00f3n que identifique o haga identificable a los Usuarios, ser\u00e1 de aplicaci\u00f3n lo dispuesto en la Pol\u00edtica de Privacidad. Si los Usuarios tienen dudas acerca de cu\u00e1nto tiempo conservamos los datos personales obtenidos a trav\u00e9s de las Cookies, o desea ejercitar los derechos de acceso, rectificaci\u00f3n, supresi\u00f3n u oposici\u00f3n o los dem\u00e1s derechos reconocidos en la normativa de protecci\u00f3n de datos, puede consultar la Pol\u00edtica de Privacidad o ponerse en contacto con nosotros en la siguiente direcci\u00f3n <span class=\"s2\">info@adboosters.com.<\/span><\/span><\/p>\n<p class=\"p2\"><span style=\"font-family: Helvetica; font-size: 14pt; color: #333333;\">La informaci\u00f3n obtenida por medio del uso de Cookies se conservar\u00e1n durante los plazos de persistencia de las mismas.<\/span><\/p>\n[\/vc_column_text][vc_column_text]<span style=\"font-family: Helvetica; font-size: 14pt; color: #d70033;\"><b>5. C\u00f3mo deshabilitar y bloquear las Cookies empleadas en la Plataforma<\/b><\/span><\/p>\n<p class=\"p1\"><span style=\"font-family: Helvetica; font-size: 14pt; color: #333333;\">Los Usuarios podr\u00e1n, en cualquier momento, deshabilitar las Cookies y continuar su navegaci\u00f3n, si bien la misma puede verse limitada en varias de sus secciones y su navegaci\u00f3n podr\u00eda ser bloqueada en alg\u00fan punto. Los Usuarios podr\u00e1n bloquear o deshabilitar las Cookies activando la configuraci\u00f3n de su navegador, que le permite rechazar la instalaci\u00f3n de todas las Cookies o de algunas de ellas. La mayor\u00eda de los navegadores permiten advertir de la presencia de Cookies o rechazarlas autom\u00e1ticamente. Si las rechazan, los Usuarios podr\u00e1n seguir usando la Plataforma, aunque el uso de algunas funcionalidades podr\u00e1 verse limitado y, por tanto, su experiencia menos satisfactoria.<\/span><\/p>\n<p class=\"p1\"><span style=\"font-family: Helvetica; font-size: 14pt; color: #333333;\">Para optar por no ser rastreados por Google Analytics, visite el siguiente enlace: <a style=\"color: #333333;\" href=\"https:\/\/tools.google.com\/dlpage\/gaoptout?hl=es\"><span class=\"s1\">https:\/\/tools.google.com\/dlpage\/gaoptout?hl=es<\/span><\/a>. Este enlace crea una cookie de exclusi\u00f3n voluntaria que impide el procesamiento posterior de sus datos. Para obtener m\u00e1s informaci\u00f3n sobre las cookies de Google Analytics, consulte las p\u00e1ginas de ayuda y la Pol\u00edtica de Privacidad de Google: <a style=\"color: #333333;\" href=\"https:\/\/developers.google.com\/analytics\/resources\/concepts\/gaConceptsCookies\"><span class=\"s1\">https:\/\/developers.google.com\/analytics\/resources\/concepts\/gaConceptsCookies<\/span><\/a><span class=\"Apple-converted-space\">\u00a0<\/span><\/span><\/p>\n<p class=\"p1\"><span style=\"font-family: Helvetica; font-size: 14pt; color: #333333;\">Salvo que haya ajustado la configuraci\u00f3n de su navegador, nuestro sistema crear\u00e1 Cookies en cuanto accede a la Plataforma y acepte nuestra Pol\u00edtica de Cookies. Tenga presente que todos los navegadores de Internet permiten el cambio de dicha configuraci\u00f3n.<\/span><\/p>\n<p class=\"p1\"><span style=\"font-family: Helvetica; font-size: 14pt; color: #333333;\">Para obtener m\u00e1s informaci\u00f3n sobre la forma de ajustar la configuraci\u00f3n de las Cookies, seg\u00fan el navegador que los Usuarios utilicen habitualmente, recomendamos que visiten los siguientes enlaces:<\/span><\/p>\n<ul>\n<li class=\"p1\"><span style=\"font-family: Helvetica; font-size: 14pt; color: #333333;\">Internet Explorer:<\/span>\n<ul>\n<li class=\"p1\"><span class=\"s2\" style=\"font-family: Helvetica; font-size: 14pt; color: #333333;\"><a style=\"color: #333333;\" href=\"https:\/\/support.microsoft.com\/es-es\/windows\/eliminar-y-administrar-cookies-168dab11-0753-043d-7c16-ede5947fc64d\">https:\/\/support.microsoft.com\/es-es\/windows\/eliminar-y-administrar-cookies-168dab11-0753-043d-7c16-ede5947fc64d<\/a><\/span><\/li>\n<li class=\"p2\"><span style=\"font-family: Helvetica; font-size: 14pt; color: #333333;\"><span class=\"s2\"><a style=\"color: #333333;\" href=\"http:\/\/www.allaboutcookies.org\/manage-Cookies\/internet-explorer7-%2520plus.html\">http:\/\/www.allaboutcookies.org\/manage-Cookies\/internet-explorer7- plus.html<\/a><\/span><span class=\"s3\"><span class=\"Apple-converted-space\">\u00a0<\/span><\/span><\/span><\/li>\n<li class=\"p2\"><span style=\"font-family: Helvetica; font-size: 14pt; color: #333333;\"><span class=\"s2\"><a style=\"color: #333333;\" href=\"http:\/\/www.allaboutcookies.org\/manage-Cookies\/internet-explorer8-%2520plus.html\">http:\/\/www.allaboutcookies.org\/manage-Cookies\/internet-explorer8- plus.html<\/a><\/span><span class=\"s3\"><span class=\"Apple-converted-space\">\u00a0<\/span><\/span><\/span><\/li>\n<li class=\"p2\"><span style=\"font-family: Helvetica; font-size: 14pt; color: #333333;\"><span class=\"s2\"><a style=\"color: #333333;\" href=\"http:\/\/windows.microsoft.com\/is-IS\/windows7\/How-to-manage-Cookies-in-Internet-explorer-9\">http:\/\/windows.microsoft.com\/is-IS\/windows7\/How-to-manage-Cookies-in-Internet-explorer-9<\/a><\/span><span class=\"s3\"><span class=\"Apple-converted-space\">\u00a0<\/span><\/span><\/span><\/li>\n<\/ul>\n<\/li>\n<li class=\"p1\"><span style=\"font-family: Helvetica; font-size: 14pt; color: #333333;\">Firefox:<\/span>\n<ul>\n<li class=\"p2\"><span style=\"font-family: Helvetica; font-size: 14pt; color: #333333;\"><span class=\"s2\"><a style=\"color: #333333;\" href=\"http:\/\/support.mozilla.org\/en-US\/kb\/cookies\">http:\/\/support.mozilla.org\/en-US\/kb\/cookies<\/a><\/span><span class=\"s3\"><span class=\"Apple-converted-space\">\u00a0<\/span><\/span><\/span><\/li>\n<\/ul>\n<\/li>\n<li class=\"p1\"><span style=\"font-family: Helvetica; font-size: 14pt; color: #333333;\">Chrome:<\/span>\n<ul>\n<li class=\"p2\"><span style=\"font-family: Helvetica; font-size: 14pt; color: #333333;\"><span class=\"s2\"><a style=\"color: #333333;\" href=\"http:\/\/support.google.com\/chrome\/bin\/answer.py?hl=en&amp;answer=95647\">http:\/\/support.google.com\/chrome\/bin\/answer.py?hl=en&amp;answer=95647<\/a><\/span><span class=\"s3\"><span class=\"Apple-converted-space\">\u00a0<\/span><\/span><\/span><\/li>\n<\/ul>\n<\/li>\n<li class=\"p1\"><span style=\"font-family: Helvetica; font-size: 14pt; color: #333333;\">Safari:<\/span>\n<ul>\n<li class=\"p2\"><span class=\"s2\" style=\"font-family: Helvetica; font-size: 14pt; color: #333333;\"><a style=\"color: #333333;\" href=\"https:\/\/support.apple.com\/es-es\/guide\/safari\/sfri11471\/11.0\/mac\/10.13\">https:\/\/support.apple.com\/es-es\/guide\/safari\/sfri11471\/11.0\/mac\/10.13<\/a><\/span><\/li>\n<\/ul>\n<\/li>\n<li class=\"p1\"><span style=\"font-family: Helvetica; font-size: 14pt; color: #333333;\">iOS:<\/span>\n<ul>\n<li class=\"p1\"><span style=\"font-family: Helvetica; font-size: 14pt; color: #333333;\">https:\/\/support.apple.com\/es-es\/HT201265<\/span><\/li>\n<\/ul>\n<\/li>\n<li class=\"p1\"><span style=\"font-family: Helvetica; font-size: 14pt; color: #333333;\">Opera:<\/span>\n<ul>\n<li class=\"p2\"><span style=\"font-family: Helvetica; font-size: 14pt; color: #333333;\"><span class=\"s2\"><a style=\"color: #333333;\" href=\"http:\/\/help.opera.com\/Mac\/12.10\/es-LA\/cookies.html\">http:\/\/help.opera.com\/Mac\/12.10\/es-LA\/cookies.html<\/a><\/span><span class=\"s4\"><span class=\"Apple-converted-space\">\u00a0<\/span><\/span><\/span><\/li>\n<\/ul>\n<\/li>\n<\/ul>\n[\/vc_column_text][vc_column_text]<span style=\"font-family: Helvetica; font-size: 14pt; color: #d70033;\"><b>6. Revocaci\u00f3n del consentimiento<\/b><\/span><\/p>\n<p class=\"p1\"><span style=\"font-family: Helvetica; font-size: 14pt; color: #333333;\">Los Usuarios podr\u00e1n, en cualquier momento, revocar el consentimiento otorgado en relaci\u00f3n con el uso de Cookies que hayan autorizado, para lo cual deber\u00e1n eliminar las Cookies almacenadas en su equipo a trav\u00e9s de los ajustes y configuraciones de su navegador.<\/span><\/p>\n<p class=\"p1\"><span style=\"font-family: Helvetica; font-size: 14pt; color: #333333;\">Sin embargo, los Usuarios deben tener en cuenta que, en algunos casos, la eliminaci\u00f3n o deshabilitaci\u00f3n de Cookies podr\u00eda afectar al correcto funcionamiento de la Plataforma, y limitar el acceso a ciertas \u00e1reas o funcionalidades ofrecidas.<\/span><\/p>\n[\/vc_column_text][vc_column_text]<span style=\"font-family: Helvetica; font-size: 14pt; color: #d70033;\"><b>7. Actualizaciones y cambios en la Pol\u00edtica de Cookies<\/b><\/span><\/p>\n<p class=\"p1\"><span style=\"font-family: Helvetica; font-size: 14pt; color: #333333;\">La presente Pol\u00edtica de Cookies podr\u00e1 ser modificada en cualquier momento a fin de reflejar fielmente las Cookies empleadas en la Plataforma o para adaptarse a exigencias legislativas, reglamentarias, jurisprudenciales o a las instrucciones dictadas por la Agencia Espa\u00f1ola de Protecci\u00f3n de Datos u otras autoridades de control competentes.<span class=\"Apple-converted-space\">\u00a0<\/span><\/span><\/p>\n[\/vc_column_text][vc_column_text][\/vc_column_text][\/vc_column][\/vc_row]\n","protected":false},"excerpt":{"rendered":"<p>[vc_row type=\u00bbin_container\u00bb full_screen_row_position=\u00bbmiddle\u00bb column_margin=\u00bbdefault\u00bb column_direction=\u00bbdefault\u00bb column_direction_tablet=\u00bbdefault\u00bb column_direction_phone=\u00bbdefault\u00bb scene_position=\u00bbcenter\u00bb left_padding_desktop=\u00bb10%\u00bb constrain_group_2=\u00bbyes\u00bb right_padding_desktop=\u00bb10%\u00bb left_padding_tablet=\u00bb5%\u00bb constrain_group_4=\u00bbyes\u00bb right_padding_tablet=\u00bb5%\u00bb left_padding_phone=\u00bb2%\u00bb constrain_group_6=\u00bbyes\u00bb right_padding_phone=\u00bb2%\u00bb text_color=\u00bbdark\u00bb text_align=\u00bbleft\u00bb row_border_radius=\u00bbnone\u00bb row_border_radius_applies=\u00bbbg\u00bb overflow=\u00bbvisible\u00bb advanced_gradient_angle=\u00bb0&#8243; overlay_strength=\u00bb0.3&#8243; gradient_direction=\u00bbleft_to_right\u00bb shape_divider_position=\u00bbbottom\u00bb bg_image_animation=\u00bbnone\u00bb gradient_type=\u00bbdefault\u00bb shape_type=\u00bb\u00bb][vc_column column_padding=\u00bbno-extra-padding\u00bb&#8230;<\/p>\n","protected":false},"author":3,"featured_media":0,"parent":0,"menu_order":0,"comment_status":"closed","ping_status":"closed","template":"","meta":{"footnotes":""},"class_list":["post-3463","page","type-page","status-publish"],"aioseo_notices":[],"_links":{"self":[{"href":"https:\/\/semhexagon.com\/en\/wp-json\/wp\/v2\/pages\/3463","targetHints":{"allow":["GET"]}}],"collection":[{"href":"https:\/\/semhexagon.com\/en\/wp-json\/wp\/v2\/pages"}],"about":[{"href":"https:\/\/semhexagon.com\/en\/wp-json\/wp\/v2\/types\/page"}],"author":[{"embeddable":true,"href":"https:\/\/semhexagon.com\/en\/wp-json\/wp\/v2\/users\/3"}],"replies":[{"embeddable":true,"href":"https:\/\/semhexagon.com\/en\/wp-json\/wp\/v2\/comments?post=3463"}],"version-history":[{"count":3,"href":"https:\/\/semhexagon.com\/en\/wp-json\/wp\/v2\/pages\/3463\/revisions"}],"predecessor-version":[{"id":6285,"href":"https:\/\/semhexagon.com\/en\/wp-json\/wp\/v2\/pages\/3463\/revisions\/6285"}],"wp:attachment":[{"href":"https:\/\/semhexagon.com\/en\/wp-json\/wp\/v2\/media?parent=3463"}],"curies":[{"name":"wp","href":"https:\/\/api.w.org\/{rel}","templated":true}]}}